{"id":103,"date":"2018-02-27T12:32:34","date_gmt":"2018-02-27T11:32:34","guid":{"rendered":"https:\/\/breizh-solidarite-maasai.fr\/test\/donate\/"},"modified":"2026-01-08T16:50:35","modified_gmt":"2026-01-08T15:50:35","slug":"faire-un-don","status":"publish","type":"page","link":"https:\/\/breizh-solidarite-maasai.fr\/test\/faire-un-don\/","title":{"rendered":"FAIRE UN DON"},"content":{"rendered":"\t\t<div data-elementor-type=\"wp-post\" data-elementor-id=\"103\" class=\"elementor elementor-103\">\n\t\t\t\t\t\t<section class=\"elementor-section elementor-top-section elementor-element elementor-element-41724257 elementor-section-height-min-height elementor-hidden-mobile elementor-section-boxed elementor-section-height-default elementor-section-items-middle\" data-id=\"41724257\" data-element_type=\"section\" data-e-type=\"section\" data-settings=\"{&quot;background_background&quot;:&quot;classic&quot;}\">\n\t\t\t\t\t\t\t<div class=\"elementor-background-overlay\"><\/div>\n\t\t\t\t\t\t\t<div class=\"elementor-container elementor-column-gap-wide\">\n\t\t\t\t\t<div class=\"elementor-column elementor-col-100 elementor-top-column elementor-element elementor-element-72243ff9\" data-id=\"72243ff9\" data-element_type=\"column\" data-e-type=\"column\">\n\t\t\t<div class=\"elementor-widget-wrap elementor-element-populated\">\n\t\t\t\t\t\t<section class=\"elementor-section elementor-inner-section elementor-element elementor-element-d7a9757 elementor-section-height-min-height elementor-section-boxed elementor-section-height-default\" data-id=\"d7a9757\" data-element_type=\"section\" data-e-type=\"section\">\n\t\t\t\t\t\t<div class=\"elementor-container elementor-column-gap-default\">\n\t\t\t\t\t<div class=\"elementor-column elementor-col-100 elementor-inner-column elementor-element elementor-element-585c28b\" data-id=\"585c28b\" data-element_type=\"column\" data-e-type=\"column\">\n\t\t\t<div class=\"elementor-widget-wrap elementor-element-populated\">\n\t\t\t\t\t\t<div class=\"elementor-element elementor-element-6ab28c39 elementor-widget elementor-widget-heading\" data-id=\"6ab28c39\" data-element_type=\"widget\" data-e-type=\"widget\" data-widget_type=\"heading.default\">\n\t\t\t\t<div class=\"elementor-widget-container\">\n\t\t\t\t\t<h4 class=\"elementor-heading-title elementor-size-default\">FAIRE UN DON<\/h4>\t\t\t\t<\/div>\n\t\t\t\t<\/div>\n\t\t\t\t<div class=\"elementor-element elementor-element-6c15f17e elementor-widget-divider--view-line elementor-widget elementor-widget-divider\" data-id=\"6c15f17e\" data-element_type=\"widget\" data-e-type=\"widget\" data-widget_type=\"divider.default\">\n\t\t\t\t<div class=\"elementor-widget-container\">\n\t\t\t\t\t\t\t<div class=\"elementor-divider\">\n\t\t\t<span class=\"elementor-divider-separator\">\n\t\t\t\t\t\t<\/span>\n\t\t<\/div>\n\t\t\t\t\t\t<\/div>\n\t\t\t\t<\/div>\n\t\t\t\t<div class=\"elementor-element elementor-element-2cb87c91 elementor-widget elementor-widget-heading\" data-id=\"2cb87c91\" data-element_type=\"widget\" data-e-type=\"widget\" data-widget_type=\"heading.default\">\n\t\t\t\t<div class=\"elementor-widget-container\">\n\t\t\t\t\t<h1 class=\"elementor-heading-title elementor-size-default\">Aidez-nous \u00e0 soutenir nos amis les Massa\u00ef<\/h1>\t\t\t\t<\/div>\n\t\t\t\t<\/div>\n\t\t\t\t\t<\/div>\n\t\t<\/div>\n\t\t\t\t\t<\/div>\n\t\t<\/section>\n\t\t\t\t\t<\/div>\n\t\t<\/div>\n\t\t\t\t\t<\/div>\n\t\t<\/section>\n\t\t\t\t<section class=\"elementor-section elementor-top-section elementor-element elementor-element-ebb4217 elementor-section-full_width elementor-section-height-default elementor-section-height-default\" data-id=\"ebb4217\" data-element_type=\"section\" data-e-type=\"section\">\n\t\t\t\t\t\t<div class=\"elementor-container elementor-column-gap-default\">\n\t\t\t\t\t<div class=\"elementor-column elementor-col-100 elementor-top-column elementor-element elementor-element-33181d3\" data-id=\"33181d3\" data-element_type=\"column\" data-e-type=\"column\">\n\t\t\t<div class=\"elementor-widget-wrap elementor-element-populated\">\n\t\t\t\t\t\t<div class=\"elementor-element elementor-element-2ff7edc elementor-hidden-mobile elementor-widget elementor-widget-text-editor\" data-id=\"2ff7edc\" data-element_type=\"widget\" data-e-type=\"widget\" data-widget_type=\"text-editor.default\">\n\t\t\t\t<div class=\"elementor-widget-container\">\n\t\t\t\t\t\t\t\t\t<p>* Pour faire un <strong>DON PAR CH\u00c8QUE OU VIREMENT BANCAIRE<\/strong>\u00a0merci de nous envoyer par courrier postal le document que vous pouvez imprimer &gt;&gt;\u00a0<strong><a href=\"https:\/\/breizh-solidarite-maasai.fr\/test\/wp-content\/uploads\/2026\/01\/Pour_nos_amis_les-maasai.pdf\" target=\"_blank\" rel=\"noopener\">ICI<\/a> <\/strong>&lt;&lt;<br \/>** Pour un don en ligne,\u00a0 notre prestataire HelloAsso vous propose une contribution facultative :\u00a0 vous pouvez la modifier ou choisir de ne rien ajouter.<\/p>\t\t\t\t\t\t\t\t<\/div>\n\t\t\t\t<\/div>\n\t\t\t\t<div class=\"elementor-element elementor-element-07bd77b elementor-widget elementor-widget-shortcode\" data-id=\"07bd77b\" data-element_type=\"widget\" data-e-type=\"widget\" data-widget_type=\"shortcode.default\">\n\t\t\t\t<div class=\"elementor-widget-container\">\n\t\t\t\t\t\t\t<div class=\"elementor-shortcode\">\t\t\t<iframe\n\t\t\t\tid=\"idIframe\"\n\t\t\t\tsrc=\"https:\/\/www.helloasso.com\/associations\/breizh-solidarite-maasai\/formulaires\/1\/widget\"\n\t\t\t\theight=750px\"\t\t\t\twidth=100%\"\t\t\t\tframeborder=\"0\"\n\t\t\t\tloading=\"lazy\"\n\t\t\t\tallowtransparency=\"true\"\n\t\t\t\tonload=\"resizeIframeMessage()\"><\/iframe>\n<\/div>\n\t\t\t\t\t\t<\/div>\n\t\t\t\t<\/div>\n\t\t\t\t\t<\/div>\n\t\t<\/div>\n\t\t\t\t\t<\/div>\n\t\t<\/section>\n\t\t\t\t<\/div>\n\t\t","protected":false},"excerpt":{"rendered":"<p>FAIRE UN DON Aidez-nous \u00e0 soutenir nos amis les Massa\u00ef * Pour faire un DON PAR CH\u00c8QUE OU VIREMENT BANCAIRE\u00a0merci de nous envoyer par courrier postal le document que vous pouvez imprimer &gt;&gt;\u00a0ICI &lt;&lt;** Pour un don en ligne,\u00a0 notre prestataire HelloAsso vous propose une contribution facultative :\u00a0 vous pouvez la modifier ou choisir de [&hellip;]<\/p>\n","protected":false},"author":1,"featured_media":2419,"parent":0,"menu_order":0,"comment_status":"closed","ping_status":"closed","template":"","meta":{"site-sidebar-layout":"no-sidebar","site-content-layout":"page-builder","ast-site-content-layout":"default","site-content-style":"default","site-sidebar-style":"default","ast-global-header-display":"","ast-banner-title-visibility":"","ast-main-header-display":"","ast-hfb-above-header-display":"","ast-hfb-below-header-display":"","ast-hfb-mobile-header-display":"","site-post-title":"disabled","ast-breadcrumbs-content":"","ast-featured-img":"disabled","footer-sml-layout":"","ast-disable-related-posts":"","theme-transparent-header-meta":"","adv-header-id-meta":"","stick-header-meta":"","header-above-stick-meta":"","header-main-stick-meta":"","header-below-stick-meta":"","astra-migrate-meta-layouts":"default","ast-page-background-enabled":"default","ast-page-background-meta":{"desktop":{"background-color":"","background-image":"","background-repeat":"repeat","background-position":"center center","background-size":"auto","background-attachment":"scroll","background-type":"","background-media":"","overlay-type":"","overlay-color":"","overlay-opacity":"","overlay-gradient":""},"tablet":{"background-color":"","background-image":"","background-repeat":"repeat","background-position":"center center","background-size":"auto","background-attachment":"scroll","background-type":"","background-media":"","overlay-type":"","overlay-color":"","overlay-opacity":"","overlay-gradient":""},"mobile":{"background-color":"","background-image":"","background-repeat":"repeat","background-position":"center center","background-size":"auto","background-attachment":"scroll","background-type":"","background-media":"","overlay-type":"","overlay-color":"","overlay-opacity":"","overlay-gradient":""}},"ast-content-background-meta":{"desktop":{"background-color":"var(--ast-global-color-5)","background-image":"","background-repeat":"repeat","background-position":"center center","background-size":"auto","background-attachment":"scroll","background-type":"","background-media":"","overlay-type":"","overlay-color":"","overlay-opacity":"","overlay-gradient":""},"tablet":{"background-color":"var(--ast-global-color-5)","background-image":"","background-repeat":"repeat","background-position":"center center","background-size":"auto","background-attachment":"scroll","background-type":"","background-media":"","overlay-type":"","overlay-color":"","overlay-opacity":"","overlay-gradient":""},"mobile":{"background-color":"var(--ast-global-color-5)","background-image":"","background-repeat":"repeat","background-position":"center center","background-size":"auto","background-attachment":"scroll","background-type":"","background-media":"","overlay-type":"","overlay-color":"","overlay-opacity":"","overlay-gradient":""}},"footnotes":""},"class_list":["post-103","page","type-page","status-publish","has-post-thumbnail","hentry"],"yoast_head":"<!-- This site is optimized with the Yoast SEO plugin v27.4 - https:\/\/yoast.com\/product\/yoast-seo-wordpress\/ -->\n<title>Faire un don \u00e0 Breizh Solidarit\u00e9 Maasa\u00ef pour soutenir les Massa\u00ef<\/title>\n<meta name=\"description\" content=\"Faire un don \u00e0 l&#039;association Breizh Solidarit\u00e9 Maasa\u00ef c&#039;est accompagner concr\u00e8tement les population Massa\u00ef vers un avenir meilleur.\" \/>\n<meta name=\"robots\" content=\"index, follow, max-snippet:-1, max-image-preview:large, max-video-preview:-1\" \/>\n<link rel=\"canonical\" href=\"https:\/\/breizh-solidarite-maasai.fr\/test\/faire-un-don\/\" \/>\n<meta property=\"og:locale\" content=\"fr_FR\" \/>\n<meta property=\"og:type\" content=\"article\" \/>\n<meta property=\"og:title\" content=\"Faire un don \u00e0 Breizh Solidarit\u00e9 Maasa\u00ef pour soutenir les Massa\u00ef\" \/>\n<meta property=\"og:description\" content=\"Faire un don \u00e0 l&#039;association Breizh Solidarit\u00e9 Maasa\u00ef c&#039;est accompagner concr\u00e8tement les population Massa\u00ef vers un avenir meilleur.\" \/>\n<meta property=\"og:url\" content=\"https:\/\/breizh-solidarite-maasai.fr\/test\/faire-un-don\/\" \/>\n<meta property=\"og:site_name\" content=\"Breizh Solidarit\u00e9 Maasa\u00ef\" \/>\n<meta property=\"article:publisher\" content=\"https:\/\/www.facebook.com\/Breizh-Solidarit-Maasa-225738480799717\/\" \/>\n<meta property=\"article:modified_time\" content=\"2026-01-08T15:50:35+00:00\" \/>\n<meta property=\"og:image\" content=\"https:\/\/breizh-solidarite-maasai.fr\/test\/wp-content\/uploads\/2019\/12\/Breizh_Solidarite_Maasai_09.jpg\" \/>\n\t<meta property=\"og:image:width\" content=\"1920\" \/>\n\t<meta property=\"og:image:height\" content=\"1100\" \/>\n\t<meta property=\"og:image:type\" content=\"image\/jpeg\" \/>\n<meta name=\"twitter:card\" content=\"summary_large_image\" \/>\n<meta name=\"twitter:label1\" content=\"Dur\u00e9e de lecture estim\u00e9e\" \/>\n\t<meta name=\"twitter:data1\" content=\"1 minute\" \/>\n<script type=\"application\/ld+json\" class=\"yoast-schema-graph\">{\"@context\":\"https:\\\/\\\/schema.org\",\"@graph\":[{\"@type\":\"WebPage\",\"@id\":\"https:\\\/\\\/breizh-solidarite-maasai.fr\\\/test\\\/faire-un-don\\\/\",\"url\":\"https:\\\/\\\/breizh-solidarite-maasai.fr\\\/test\\\/faire-un-don\\\/\",\"name\":\"Faire un don \u00e0 Breizh Solidarit\u00e9 Maasa\u00ef pour soutenir les Massa\u00ef\",\"isPartOf\":{\"@id\":\"https:\\\/\\\/breizh-solidarite-maasai.fr\\\/test\\\/#website\"},\"primaryImageOfPage\":{\"@id\":\"https:\\\/\\\/breizh-solidarite-maasai.fr\\\/test\\\/faire-un-don\\\/#primaryimage\"},\"image\":{\"@id\":\"https:\\\/\\\/breizh-solidarite-maasai.fr\\\/test\\\/faire-un-don\\\/#primaryimage\"},\"thumbnailUrl\":\"https:\\\/\\\/breizh-solidarite-maasai.fr\\\/test\\\/wp-content\\\/uploads\\\/2019\\\/12\\\/Breizh_Solidarite_Maasai_09.jpg\",\"datePublished\":\"2018-02-27T11:32:34+00:00\",\"dateModified\":\"2026-01-08T15:50:35+00:00\",\"description\":\"Faire un don \u00e0 l'association Breizh Solidarit\u00e9 Maasa\u00ef c'est accompagner concr\u00e8tement les population Massa\u00ef vers un avenir meilleur.\",\"breadcrumb\":{\"@id\":\"https:\\\/\\\/breizh-solidarite-maasai.fr\\\/test\\\/faire-un-don\\\/#breadcrumb\"},\"inLanguage\":\"fr-FR\",\"potentialAction\":[{\"@type\":\"ReadAction\",\"target\":[\"https:\\\/\\\/breizh-solidarite-maasai.fr\\\/test\\\/faire-un-don\\\/\"]}]},{\"@type\":\"ImageObject\",\"inLanguage\":\"fr-FR\",\"@id\":\"https:\\\/\\\/breizh-solidarite-maasai.fr\\\/test\\\/faire-un-don\\\/#primaryimage\",\"url\":\"https:\\\/\\\/breizh-solidarite-maasai.fr\\\/test\\\/wp-content\\\/uploads\\\/2019\\\/12\\\/Breizh_Solidarite_Maasai_09.jpg\",\"contentUrl\":\"https:\\\/\\\/breizh-solidarite-maasai.fr\\\/test\\\/wp-content\\\/uploads\\\/2019\\\/12\\\/Breizh_Solidarite_Maasai_09.jpg\",\"width\":1920,\"height\":1100,\"caption\":\"Breizh Solidarit\u00e9 Maasa\u00ef soutient les enfants et les familles Massa\u00ef\"},{\"@type\":\"BreadcrumbList\",\"@id\":\"https:\\\/\\\/breizh-solidarite-maasai.fr\\\/test\\\/faire-un-don\\\/#breadcrumb\",\"itemListElement\":[{\"@type\":\"ListItem\",\"position\":1,\"name\":\"Accueil\",\"item\":\"https:\\\/\\\/breizh-solidarite-maasai.fr\\\/test\\\/\"},{\"@type\":\"ListItem\",\"position\":2,\"name\":\"FAIRE UN DON\"}]},{\"@type\":\"WebSite\",\"@id\":\"https:\\\/\\\/breizh-solidarite-maasai.fr\\\/test\\\/#website\",\"url\":\"https:\\\/\\\/breizh-solidarite-maasai.fr\\\/test\\\/\",\"name\":\"Breizh Solidarit\u00e9 Maasa\u00ef\",\"description\":\"BSM aide les Maasa\u00ef au niveau Alimentaire Eau et Scolarisation\",\"publisher\":{\"@id\":\"https:\\\/\\\/breizh-solidarite-maasai.fr\\\/test\\\/#organization\"},\"potentialAction\":[{\"@type\":\"SearchAction\",\"target\":{\"@type\":\"EntryPoint\",\"urlTemplate\":\"https:\\\/\\\/breizh-solidarite-maasai.fr\\\/test\\\/?s={search_term_string}\"},\"query-input\":{\"@type\":\"PropertyValueSpecification\",\"valueRequired\":true,\"valueName\":\"search_term_string\"}}],\"inLanguage\":\"fr-FR\"},{\"@type\":\"Organization\",\"@id\":\"https:\\\/\\\/breizh-solidarite-maasai.fr\\\/test\\\/#organization\",\"name\":\"Breizh Solidarit\u00e9 Maasa\u00ef\",\"url\":\"https:\\\/\\\/breizh-solidarite-maasai.fr\\\/test\\\/\",\"logo\":{\"@type\":\"ImageObject\",\"inLanguage\":\"fr-FR\",\"@id\":\"https:\\\/\\\/breizh-solidarite-maasai.fr\\\/test\\\/#\\\/schema\\\/logo\\\/image\\\/\",\"url\":\"https:\\\/\\\/breizh-solidarite-maasai.fr\\\/test\\\/wp-content\\\/uploads\\\/2022\\\/05\\\/Logo_BSM.png\",\"contentUrl\":\"https:\\\/\\\/breizh-solidarite-maasai.fr\\\/test\\\/wp-content\\\/uploads\\\/2022\\\/05\\\/Logo_BSM.png\",\"width\":180,\"height\":60,\"caption\":\"Breizh Solidarit\u00e9 Maasa\u00ef\"},\"image\":{\"@id\":\"https:\\\/\\\/breizh-solidarite-maasai.fr\\\/test\\\/#\\\/schema\\\/logo\\\/image\\\/\"},\"sameAs\":[\"https:\\\/\\\/www.facebook.com\\\/Breizh-Solidarit-Maasa-225738480799717\\\/\"]}]}<\/script>\n<!-- \/ Yoast SEO plugin. -->","yoast_head_json":{"title":"Faire un don \u00e0 Breizh Solidarit\u00e9 Maasa\u00ef pour soutenir les Massa\u00ef","description":"Faire un don \u00e0 l'association Breizh Solidarit\u00e9 Maasa\u00ef c'est accompagner concr\u00e8tement les population Massa\u00ef vers un avenir meilleur.","robots":{"index":"index","follow":"follow","max-snippet":"max-snippet:-1","max-image-preview":"max-image-preview:large","max-video-preview":"max-video-preview:-1"},"canonical":"https:\/\/breizh-solidarite-maasai.fr\/test\/faire-un-don\/","og_locale":"fr_FR","og_type":"article","og_title":"Faire un don \u00e0 Breizh Solidarit\u00e9 Maasa\u00ef pour soutenir les Massa\u00ef","og_description":"Faire un don \u00e0 l'association Breizh Solidarit\u00e9 Maasa\u00ef c'est accompagner concr\u00e8tement les population Massa\u00ef vers un avenir meilleur.","og_url":"https:\/\/breizh-solidarite-maasai.fr\/test\/faire-un-don\/","og_site_name":"Breizh Solidarit\u00e9 Maasa\u00ef","article_publisher":"https:\/\/www.facebook.com\/Breizh-Solidarit-Maasa-225738480799717\/","article_modified_time":"2026-01-08T15:50:35+00:00","og_image":[{"width":1920,"height":1100,"url":"https:\/\/breizh-solidarite-maasai.fr\/test\/wp-content\/uploads\/2019\/12\/Breizh_Solidarite_Maasai_09.jpg","type":"image\/jpeg"}],"twitter_card":"summary_large_image","twitter_misc":{"Dur\u00e9e de lecture estim\u00e9e":"1 minute"},"schema":{"@context":"https:\/\/schema.org","@graph":[{"@type":"WebPage","@id":"https:\/\/breizh-solidarite-maasai.fr\/test\/faire-un-don\/","url":"https:\/\/breizh-solidarite-maasai.fr\/test\/faire-un-don\/","name":"Faire un don \u00e0 Breizh Solidarit\u00e9 Maasa\u00ef pour soutenir les Massa\u00ef","isPartOf":{"@id":"https:\/\/breizh-solidarite-maasai.fr\/test\/#website"},"primaryImageOfPage":{"@id":"https:\/\/breizh-solidarite-maasai.fr\/test\/faire-un-don\/#primaryimage"},"image":{"@id":"https:\/\/breizh-solidarite-maasai.fr\/test\/faire-un-don\/#primaryimage"},"thumbnailUrl":"https:\/\/breizh-solidarite-maasai.fr\/test\/wp-content\/uploads\/2019\/12\/Breizh_Solidarite_Maasai_09.jpg","datePublished":"2018-02-27T11:32:34+00:00","dateModified":"2026-01-08T15:50:35+00:00","description":"Faire un don \u00e0 l'association Breizh Solidarit\u00e9 Maasa\u00ef c'est accompagner concr\u00e8tement les population Massa\u00ef vers un avenir meilleur.","breadcrumb":{"@id":"https:\/\/breizh-solidarite-maasai.fr\/test\/faire-un-don\/#breadcrumb"},"inLanguage":"fr-FR","potentialAction":[{"@type":"ReadAction","target":["https:\/\/breizh-solidarite-maasai.fr\/test\/faire-un-don\/"]}]},{"@type":"ImageObject","inLanguage":"fr-FR","@id":"https:\/\/breizh-solidarite-maasai.fr\/test\/faire-un-don\/#primaryimage","url":"https:\/\/breizh-solidarite-maasai.fr\/test\/wp-content\/uploads\/2019\/12\/Breizh_Solidarite_Maasai_09.jpg","contentUrl":"https:\/\/breizh-solidarite-maasai.fr\/test\/wp-content\/uploads\/2019\/12\/Breizh_Solidarite_Maasai_09.jpg","width":1920,"height":1100,"caption":"Breizh Solidarit\u00e9 Maasa\u00ef soutient les enfants et les familles Massa\u00ef"},{"@type":"BreadcrumbList","@id":"https:\/\/breizh-solidarite-maasai.fr\/test\/faire-un-don\/#breadcrumb","itemListElement":[{"@type":"ListItem","position":1,"name":"Accueil","item":"https:\/\/breizh-solidarite-maasai.fr\/test\/"},{"@type":"ListItem","position":2,"name":"FAIRE UN DON"}]},{"@type":"WebSite","@id":"https:\/\/breizh-solidarite-maasai.fr\/test\/#website","url":"https:\/\/breizh-solidarite-maasai.fr\/test\/","name":"Breizh Solidarit\u00e9 Maasa\u00ef","description":"BSM aide les Maasa\u00ef au niveau Alimentaire Eau et Scolarisation","publisher":{"@id":"https:\/\/breizh-solidarite-maasai.fr\/test\/#organization"},"potentialAction":[{"@type":"SearchAction","target":{"@type":"EntryPoint","urlTemplate":"https:\/\/breizh-solidarite-maasai.fr\/test\/?s={search_term_string}"},"query-input":{"@type":"PropertyValueSpecification","valueRequired":true,"valueName":"search_term_string"}}],"inLanguage":"fr-FR"},{"@type":"Organization","@id":"https:\/\/breizh-solidarite-maasai.fr\/test\/#organization","name":"Breizh Solidarit\u00e9 Maasa\u00ef","url":"https:\/\/breizh-solidarite-maasai.fr\/test\/","logo":{"@type":"ImageObject","inLanguage":"fr-FR","@id":"https:\/\/breizh-solidarite-maasai.fr\/test\/#\/schema\/logo\/image\/","url":"https:\/\/breizh-solidarite-maasai.fr\/test\/wp-content\/uploads\/2022\/05\/Logo_BSM.png","contentUrl":"https:\/\/breizh-solidarite-maasai.fr\/test\/wp-content\/uploads\/2022\/05\/Logo_BSM.png","width":180,"height":60,"caption":"Breizh Solidarit\u00e9 Maasa\u00ef"},"image":{"@id":"https:\/\/breizh-solidarite-maasai.fr\/test\/#\/schema\/logo\/image\/"},"sameAs":["https:\/\/www.facebook.com\/Breizh-Solidarit-Maasa-225738480799717\/"]}]}},"_links":{"self":[{"href":"https:\/\/breizh-solidarite-maasai.fr\/test\/wp-json\/wp\/v2\/pages\/103","targetHints":{"allow":["GET"]}}],"collection":[{"href":"https:\/\/breizh-solidarite-maasai.fr\/test\/wp-json\/wp\/v2\/pages"}],"about":[{"href":"https:\/\/breizh-solidarite-maasai.fr\/test\/wp-json\/wp\/v2\/types\/page"}],"author":[{"embeddable":true,"href":"https:\/\/breizh-solidarite-maasai.fr\/test\/wp-json\/wp\/v2\/users\/1"}],"replies":[{"embeddable":true,"href":"https:\/\/breizh-solidarite-maasai.fr\/test\/wp-json\/wp\/v2\/comments?post=103"}],"version-history":[{"count":143,"href":"https:\/\/breizh-solidarite-maasai.fr\/test\/wp-json\/wp\/v2\/pages\/103\/revisions"}],"predecessor-version":[{"id":6005,"href":"https:\/\/breizh-solidarite-maasai.fr\/test\/wp-json\/wp\/v2\/pages\/103\/revisions\/6005"}],"wp:featuredmedia":[{"embeddable":true,"href":"https:\/\/breizh-solidarite-maasai.fr\/test\/wp-json\/wp\/v2\/media\/2419"}],"wp:attachment":[{"href":"https:\/\/breizh-solidarite-maasai.fr\/test\/wp-json\/wp\/v2\/media?parent=103"}],"curies":[{"name":"wp","href":"https:\/\/api.w.org\/{rel}","templated":true}]}}